{"id":5750,"date":"2018-10-22T13:48:22","date_gmt":"2018-10-22T13:48:22","guid":{"rendered":"https:\/\/www.ekko-wp.com\/?page_id=5750"},"modified":"2022-08-09T11:24:19","modified_gmt":"2022-08-09T09:24:19","slug":"kontakty","status":"publish","type":"page","link":"https:\/\/mtwtrans.eu\/en\/kontakty\/","title":{"rendered":"Contacts"},"content":{"rendered":"<div class=\"vc_row wpb_row vc_row-fluid vc_custom_1659687445987 vc_row-bg-position-top\"><div class=\"wpb_column vc_column_container vc_col-sm-12\"><div class=\"vc_column-inner vc_custom_1659687431566 vc_custom_1659687431567 vc_custom_1659687431567 vc_custom_1659687431567\"><div class=\"wpb_wrapper\"><div class=\"vc_row wpb_row vc_inner vc_row-fluid vc_row-bg-position-top\"><div class=\"wpb_column vc_column_container vc_col-sm-3 vc_col-lg-3 vc_col-md-6\"><div class=\"vc_column-inner\"><div class=\"wpb_wrapper\"><div class=\"cb-container  content-center   kd-animated fadeInUp\" ><div class=\"cb-wrapper\" style=\"background-color: #fff;\"><div class=\"cb-img-area\"><i class=\"iconsmind-Map2 iconsmind-Maps-Locations\" style=\" \"><\/i> <\/div><div class=\"cb-text-area\">\n                      <h4 class=\"cb-heading\" >Tureck\u00e1 36, Nov\u00e9 Z\u00e1mky<\/h4><p >Allianz Building (3rd floor)<\/p><a class=\"cb-simple-link\" href=\"#mapa\" target=\"_self\" >Visit us<\/a><\/div><\/div><\/div><\/div><\/div><\/div><div class=\"wpb_column vc_column_container vc_col-sm-3 vc_col-lg-3 vc_col-md-6\"><div class=\"vc_column-inner\"><div class=\"wpb_wrapper\"><div class=\"cb-container  content-center   kd-animated fadeInUp\" data-animation-delay=\"200\"><div class=\"cb-wrapper\" style=\"background-color: #fff;\"><div class=\"cb-img-area\"><i class=\"iconsmind-Phone-2 iconsmind-Desktop-apps\" style=\" \"><\/i> <\/div><div class=\"cb-text-area\">\n                      <h4 class=\"cb-heading\" >+421 911 010 232<\/h4><p >Our team is at your disposal 24\/7.<\/p><a class=\"cb-simple-link\" href=\"tel:+421911010232\" target=\"_self\" >Call us<\/a><\/div><\/div><\/div><\/div><\/div><\/div><div class=\"wpb_column vc_column_container vc_col-sm-3 vc_col-lg-3 vc_col-md-6\"><div class=\"vc_column-inner\"><div class=\"wpb_wrapper\"><div class=\"cb-container  content-center   kd-animated fadeInUp\" data-animation-delay=\"600\"><div class=\"cb-wrapper\" style=\"background-color: #fff;\"><div class=\"cb-img-area\"><i class=\"iconsmind-Mail-withAtSign iconsmind-Emails\" style=\" \"><\/i> <\/div><div class=\"cb-text-area\">\n                      <h4 class=\"cb-heading\" >mtwtrans.eu@gmail.com<\/h4><p >We are here to help you with your questions.<\/p><a class=\"cb-simple-link\" href=\"mailto:mtwtrans.eu@gmail.com\" target=\"_self\" >Write us<\/a><\/div><\/div><\/div><\/div><\/div><\/div><div class=\"wpb_column vc_column_container vc_col-sm-3 vc_col-lg-3 vc_col-md-6\"><div class=\"vc_column-inner\"><div class=\"wpb_wrapper\"><div class=\"cb-container  content-center   kd-animated fadeInUp\" data-animation-delay=\"1000\"><div class=\"cb-wrapper\" style=\"background-color: #fff;\"><div class=\"cb-img-area\"><i class=\"iconsmind-Information iconsmind-User-Interface\" style=\" \"><\/i> <\/div><div class=\"cb-text-area\">\n                      <h4 class=\"cb-heading\" ><\/h4><p >Trans ID: 1104953<br \/>\nBusiness ID: 47405961<br \/>\nTax ID: 2023872422<br \/>\nVAT reg. no.: SK2023872422<\/p><\/div><\/div><\/div><\/div><\/div><\/div><\/div><\/div><\/div><\/div><\/div><div data-vc-full-width=\"true\" data-vc-full-width-init=\"false\" data-vc-stretch-content=\"true\" class=\"vc_row wpb_row vc_row-fluid vc_custom_1600770913245 vc_custom_1600770913246 vc_custom_1600770913247 vc_row-has-fill vc_row-no-padding vc_row-bg-position-top\"><div class=\"wpb_column vc_column_container vc_col-sm-12\"><div class=\"vc_column-inner\"><div class=\"wpb_wrapper\"><div class=\"vc_row wpb_row vc_inner vc_row-fluid vc_row-bg-position-top vc_row-o-content-middle vc_row-flex\"><div class=\"wpb_column vc_column_container vc_col-sm-6 vc_col-lg-6 vc_col-md-12\" id=\"mapa\"><div class=\"vc_column-inner vc_custom_1659685543159\"><div class=\"wpb_wrapper\"><script>\r\n\r\n                    function initKdMap_kd69ecc5917f2a1() {\r\n                      var map_kd69ecc5917f2a1;\r\n        \t\t\t\t\t\t\tvar gmap_location_kd69ecc5917f2a1 = new google.maps.LatLng(47.98647105060627, 18.166366578936067);\r\n        \t\t\t\t\t\t\tvar GMAP_MODULE_kd69ecc5917f2a1 = \"customMap\";\r\n      \t\t\t\t\t\t\t\tvar featureOpts = [\r\n      \t\t\t\t\t\t\t\t\t\t\t{\r\n      \t\t\t\t\t\t\t\t\t\t\t  stylers: [\r\n      \t\t\t\t\t\t\t\t\t\t\t\t{ \"visibility\": \"on\" },\r\n      \t\t\t\t\t\t\t\t\t\t\t\t{ \"weight\": 1 },\r\n      \t\t\t\t\t\t\t\t\t\t\t\t{ \"saturation\": -100 },\r\n      \t\t\t\t\t\t\t\t\t\t\t\t{ \"lightness\": 50 },\r\n      \t\t\t\t\t\t\t\t\t\t\t\t{ \"gamma\": 1 }\r\n      \t\t\t\t\t\t\t\t\t\t\t  ]\r\n      \t\t\t\t\t\t\t\t\t\t\t}, {\r\n                                featureType: \"poi\",\r\n                                stylers: [\r\n                                  { \"visibility\": \"off\" }\r\n                                ]\r\n                              }\r\n      \t\t\t\t\t\t\t\t\t\t];\r\n      \t\t\t\t\t\t\t\tvar mapOptions = {\r\n      \t\t\t\t\t\t\t\t\tzoom: 15,\r\n      \t\t\t\t\t\t\t\t\tcenter: gmap_location_kd69ecc5917f2a1,\r\n                        scrollwheel: false,\r\n      \t\t\t\t\t\t\t\t\tmapTypeControlOptions: {\r\n      \t\t\t\t\t\t\t\t\t\tmapTypeIds: [google.maps.MapTypeId.ROADMAP, GMAP_MODULE_kd69ecc5917f2a1]\r\n      \t\t\t\t\t\t\t\t\t},\r\n      \t\t\t\t\t\t\t\t\tmapTypeId: GMAP_MODULE_kd69ecc5917f2a1\r\n      \t\t\t\t\t\t\t\t};\r\n      \t\t\t\t\t\t\t\tmap_kd69ecc5917f2a1 = new google.maps.Map(document.getElementById(\"kd69ecc5917f2a1\"), mapOptions);\r\n      \t\t\t\t\t\t\t\tmarker_kd69ecc5917f2a1 = new google.maps.Marker({\r\n      \t\t\t\t\t\t\t\t\tmap: map_kd69ecc5917f2a1,\r\n      \t\t\t\t\t\t\t\t\tdraggable: false,\r\n      \t\t\t\t\t\t\t\t\tanimation: google.maps.Animation.DROP,\r\n      \t\t\t\t\t\t\t\t\tposition: gmap_location_kd69ecc5917f2a1,\r\n      \t\t\t\t\t\t\t\t\ticon: \"https:\/\/mtwtrans.eu\/wp-content\/uploads\/2022\/07\/marker_hires-e1658903642973.png\"\r\n                      });\r\n                      var viewportwidth;\r\n\r\n                      if (typeof window.innerWidth != \"undefined\") {\r\n                            viewportwidth = window.innerWidth;\r\n                      }google.maps.event.addListener(marker_kd69ecc5917f2a1, \"click\", function() {\r\n      \t\t\t\t\t\t\t\t\tif (marker_kd69ecc5917f2a1.getAnimation() != null) {\r\n      \t\t\t\t\t\t\t\t\t\tmarker_kd69ecc5917f2a1.setAnimation(null);\r\n      \t\t\t\t\t\t\t\t\t} else {\r\n      \t\t\t\t\t\t\t\t\t\tmarker_kd69ecc5917f2a1.setAnimation(google.maps.Animation.BOUNCE);\r\n      \t\t\t\t\t\t\t\t\t}\r\n      \t\t\t\t\t\t\t\t});\r\n      \t\t\t\t\t\t\t\tvar styledMapOptions = {\r\n      \t\t\t\t\t\t\t\t\tname: \"Sway Map3\"\r\n      \t\t\t\t\t\t\t\t};\r\n      \t\t\t\t\t\t\t\tvar customMapType_kd69ecc5917f2a1 = new google.maps.StyledMapType(featureOpts, styledMapOptions);\r\n      \t\t\t\t\t\t\t\tmap_kd69ecc5917f2a1.mapTypes.set(GMAP_MODULE_kd69ecc5917f2a1, customMapType_kd69ecc5917f2a1);\r\n                      }\r\n                      jQuery(window).on(\"load\", function() {\r\n                        initKdMap_kd69ecc5917f2a1();\r\n                      });\r\n      \t\t\t\t\t\t<\/script><div class=\"contact-map-container hidden_info_panel\" style=\"height: 756px;\"><div id=\"kd69ecc5917f2a1\" class=\"kd_map\" style=\"height: 756px;\"><\/div>\r\n\r\n            <\/div><\/div><\/div><\/div><div class=\"with-shadow wpb_column vc_column_container vc_col-sm-6 vc_col-lg-6 vc_col-md-12 vc_col-has-fill\"><div class=\"vc_column-inner vc_custom_1600770477696 vc_custom_1600770477697 vc_custom_1600770477698 vc_custom_1600770477698\"><div class=\"wpb_wrapper\"><header class=\"kd-section-title col-lg-12 text-center  subtitle-below-title kd-animated fadeIn   vc_custom_1658843587748\" data-animation-delay=\"200\"><h4 class=\"separator_off\" >Write us.<\/h4><h6 class=\"subtitle translation-block\" style=\"font-size:15px;\">If you'd rather send us a message, fill out the form below and we'll get back to you immediately.<\/h6><\/header><div class=\"kd-contact-form full-width-cf  cf-with-border   kd-animated fadeIn\" data-animation-delay=\"400\"><div role=\"form\" class=\"wpcf7\" id=\"wpcf7-f8644-o1\" lang=\"en-US\" dir=\"ltr\">\n<div class=\"screen-reader-response\"><p role=\"status\" aria-live=\"polite\" aria-atomic=\"true\"><\/p> <ul><\/ul><\/div>\n<form action=\"\/en\/wp-json\/wp\/v2\/pages\/5750#wpcf7-f8644-o1\" method=\"post\" class=\"wpcf7-form init\" novalidate=\"novalidate\" data-status=\"init\" data-trp-original-action=\"\/en\/wp-json\/wp\/v2\/pages\/5750#wpcf7-f8644-o1\">\n<div style=\"display: none;\">\n<input type=\"hidden\" name=\"_wpcf7\" value=\"8644\" \/>\n<input type=\"hidden\" name=\"_wpcf7_version\" value=\"5.6.4\" \/>\n<input type=\"hidden\" name=\"_wpcf7_locale\" value=\"en_US\" \/>\n<input type=\"hidden\" name=\"_wpcf7_unit_tag\" value=\"wpcf7-f8644-o1\" \/>\n<input type=\"hidden\" name=\"_wpcf7_container_post\" value=\"0\" \/>\n<input type=\"hidden\" name=\"_wpcf7_posted_data_hash\" value=\"\" \/>\n<\/div>\n<p><span class=\"wpcf7-form-control-wrap\" data-name=\"your-name\"><input type=\"text\" name=\"your-name\" value=\"\" size=\"40\" class=\"wpcf7-form-control wpcf7-text wpcf7-validates-as-required\" aria-required=\"true\" aria-invalid=\"false\" placeholder=\"Your name\" \/><\/span><br \/>\n<span class=\"wpcf7-form-control-wrap\" data-name=\"your-email\"><input type=\"email\" name=\"your-email\" value=\"\" size=\"40\" class=\"wpcf7-form-control wpcf7-text wpcf7-email wpcf7-validates-as-required wpcf7-validates-as-email\" aria-required=\"true\" aria-invalid=\"false\" placeholder=\"Your email\" \/><\/span><br \/>\n<span class=\"wpcf7-form-control-wrap\" data-name=\"your-message\"><textarea name=\"your-message\" cols=\"40\" rows=\"10\" class=\"wpcf7-form-control wpcf7-textarea\" aria-invalid=\"false\" placeholder=\"Your message\"><\/textarea><\/span><br \/>\n<span class=\"wpcf7-form-control-wrap\" data-name=\"acceptance-22\"><span class=\"wpcf7-form-control wpcf7-acceptance\"><span class=\"wpcf7-list-item\"><label><input type=\"checkbox\" name=\"acceptance-22\" value=\"1\" aria-invalid=\"false\" \/><span class=\"wpcf7-list-item-label\">I agree with <a href=\"https:\/\/mtwtrans.eu\/en\/ochrana-sukromia\/\">the processing of personal data.<\/a><\/span><\/label><\/span><\/span><\/span><br \/>\n<input type=\"submit\" value=\"Send\" class=\"wpcf7-form-control has-spinner wpcf7-submit\" \/><\/p>\n<div class=\"wpcf7-response-output\" aria-hidden=\"true\"><\/div><input type=\"hidden\" name=\"trp-form-language\" value=\"en\"\/><\/form><\/div><\/div><\/div><\/div><\/div><\/div><\/div><\/div><\/div><\/div><div class=\"vc_row-full-width vc_clearfix\"><\/div>","protected":false},"excerpt":{"rendered":"Tureck\u00e1 36, Nov\u00e9 Z\u00e1mkyBudova Allianz (3. poschodie)Nav\u0161t\u00edvte n\u00e1s +421 911 010 232N\u00e1\u0161 t\u00edm je v\u00e1m k dispoz\u00edcii 24\/7.Zavolajte n\u00e1m mtwtrans.eu@gmail.comSme [...]","protected":false},"author":1,"featured_media":9603,"parent":0,"menu_order":0,"comment_status":"closed","ping_status":"closed","template":"","meta":{"footnotes":""},"class_list":["post-5750","page","type-page","status-publish","has-post-thumbnail","hentry"],"yoast_head":"<!-- This site is optimized with the Yoast SEO plugin v27.4 - https:\/\/yoast.com\/product\/yoast-seo-wordpress\/ -->\n<title>Kontakty - MTW Trans.EU s.r.o.<\/title>\n<meta name=\"robots\" content=\"index, follow, max-snippet:-1, max-image-preview:large, max-video-preview:-1\" \/>\n<link rel=\"canonical\" href=\"https:\/\/mtwtrans.eu\/en\/kontakty\/\" \/>\n<meta property=\"og:locale\" content=\"en_GB\" \/>\n<meta property=\"og:type\" content=\"article\" \/>\n<meta property=\"og:title\" content=\"Kontakty - MTW Trans.EU s.r.o.\" \/>\n<meta property=\"og:url\" content=\"https:\/\/mtwtrans.eu\/en\/kontakty\/\" \/>\n<meta property=\"og:site_name\" content=\"MTW Trans.EU s.r.o.\" \/>\n<meta property=\"article:publisher\" content=\"https:\/\/www.facebook.com\/MTW-TransEU-100416202193498\" \/>\n<meta property=\"article:modified_time\" content=\"2022-08-09T09:24:19+00:00\" \/>\n<meta property=\"og:image\" content=\"https:\/\/mtwtrans.eu\/wp-content\/uploads\/2022\/07\/header-mtw.jpg\" \/>\n\t<meta property=\"og:image:width\" content=\"1920\" \/>\n\t<meta property=\"og:image:height\" content=\"500\" \/>\n\t<meta property=\"og:image:type\" content=\"image\/jpeg\" \/>\n<meta name=\"twitter:card\" content=\"summary_large_image\" \/>\n<meta name=\"twitter:label1\" content=\"Estimated reading time\" \/>\n\t<meta name=\"twitter:data1\" content=\"5 minutes\" \/>\n<script type=\"application\/ld+json\" class=\"yoast-schema-graph\">{\"@context\":\"https:\\\/\\\/schema.org\",\"@graph\":[{\"@type\":\"WebPage\",\"@id\":\"https:\\\/\\\/mtwtrans.eu\\\/kontakty\\\/\",\"url\":\"https:\\\/\\\/mtwtrans.eu\\\/kontakty\\\/\",\"name\":\"Kontakty - MTW Trans.EU s.r.o.\",\"isPartOf\":{\"@id\":\"https:\\\/\\\/mtwtrans.eu\\\/#website\"},\"primaryImageOfPage\":{\"@id\":\"https:\\\/\\\/mtwtrans.eu\\\/kontakty\\\/#primaryimage\"},\"image\":{\"@id\":\"https:\\\/\\\/mtwtrans.eu\\\/kontakty\\\/#primaryimage\"},\"thumbnailUrl\":\"https:\\\/\\\/mtwtrans.eu\\\/wp-content\\\/uploads\\\/2022\\\/07\\\/header-mtw.jpg\",\"datePublished\":\"2018-10-22T13:48:22+00:00\",\"dateModified\":\"2022-08-09T09:24:19+00:00\",\"breadcrumb\":{\"@id\":\"https:\\\/\\\/mtwtrans.eu\\\/kontakty\\\/#breadcrumb\"},\"inLanguage\":\"en-GB\",\"potentialAction\":[{\"@type\":\"ReadAction\",\"target\":[\"https:\\\/\\\/mtwtrans.eu\\\/kontakty\\\/\"]}]},{\"@type\":\"ImageObject\",\"inLanguage\":\"en-GB\",\"@id\":\"https:\\\/\\\/mtwtrans.eu\\\/kontakty\\\/#primaryimage\",\"url\":\"https:\\\/\\\/mtwtrans.eu\\\/wp-content\\\/uploads\\\/2022\\\/07\\\/header-mtw.jpg\",\"contentUrl\":\"https:\\\/\\\/mtwtrans.eu\\\/wp-content\\\/uploads\\\/2022\\\/07\\\/header-mtw.jpg\",\"width\":1920,\"height\":500,\"caption\":\"MTW header bg\"},{\"@type\":\"BreadcrumbList\",\"@id\":\"https:\\\/\\\/mtwtrans.eu\\\/kontakty\\\/#breadcrumb\",\"itemListElement\":[{\"@type\":\"ListItem\",\"position\":1,\"name\":\"Domovsk\u00e1 str\u00e1nka\",\"item\":\"https:\\\/\\\/mtwtrans.eu\\\/\"},{\"@type\":\"ListItem\",\"position\":2,\"name\":\"Kontakty\"}]},{\"@type\":\"WebSite\",\"@id\":\"https:\\\/\\\/mtwtrans.eu\\\/#website\",\"url\":\"https:\\\/\\\/mtwtrans.eu\\\/\",\"name\":\"MTW Trans.EU s.r.o.\",\"description\":\"moving the world\",\"publisher\":{\"@id\":\"https:\\\/\\\/mtwtrans.eu\\\/#organization\"},\"potentialAction\":[{\"@type\":\"SearchAction\",\"target\":{\"@type\":\"EntryPoint\",\"urlTemplate\":\"https:\\\/\\\/mtwtrans.eu\\\/?s={search_term_string}\"},\"query-input\":{\"@type\":\"PropertyValueSpecification\",\"valueRequired\":true,\"valueName\":\"search_term_string\"}}],\"inLanguage\":\"en-GB\"},{\"@type\":\"Organization\",\"@id\":\"https:\\\/\\\/mtwtrans.eu\\\/#organization\",\"name\":\"MTW Trans.EU s.r.o.\",\"url\":\"https:\\\/\\\/mtwtrans.eu\\\/\",\"logo\":{\"@type\":\"ImageObject\",\"inLanguage\":\"en-GB\",\"@id\":\"https:\\\/\\\/mtwtrans.eu\\\/#\\\/schema\\\/logo\\\/image\\\/\",\"url\":\"https:\\\/\\\/mtwtrans.eu\\\/wp-content\\\/uploads\\\/2022\\\/07\\\/mtw-logo.png\",\"contentUrl\":\"https:\\\/\\\/mtwtrans.eu\\\/wp-content\\\/uploads\\\/2022\\\/07\\\/mtw-logo.png\",\"width\":1181,\"height\":612,\"caption\":\"MTW Trans.EU s.r.o.\"},\"image\":{\"@id\":\"https:\\\/\\\/mtwtrans.eu\\\/#\\\/schema\\\/logo\\\/image\\\/\"},\"sameAs\":[\"https:\\\/\\\/www.facebook.com\\\/MTW-TransEU-100416202193498\"]}]}<\/script>\n<!-- \/ Yoast SEO plugin. -->","yoast_head_json":{"title":"Kontakty - MTW Trans.EU s.r.o.","robots":{"index":"index","follow":"follow","max-snippet":"max-snippet:-1","max-image-preview":"max-image-preview:large","max-video-preview":"max-video-preview:-1"},"canonical":"https:\/\/mtwtrans.eu\/en\/kontakty\/","og_locale":"en_GB","og_type":"article","og_title":"Kontakty - MTW Trans.EU s.r.o.","og_url":"https:\/\/mtwtrans.eu\/en\/kontakty\/","og_site_name":"MTW Trans.EU s.r.o.","article_publisher":"https:\/\/www.facebook.com\/MTW-TransEU-100416202193498","article_modified_time":"2022-08-09T09:24:19+00:00","og_image":[{"width":1920,"height":500,"url":"https:\/\/mtwtrans.eu\/wp-content\/uploads\/2022\/07\/header-mtw.jpg","type":"image\/jpeg"}],"twitter_card":"summary_large_image","twitter_misc":{"Estimated reading time":"5 minutes"},"schema":{"@context":"https:\/\/schema.org","@graph":[{"@type":"WebPage","@id":"https:\/\/mtwtrans.eu\/kontakty\/","url":"https:\/\/mtwtrans.eu\/kontakty\/","name":"Kontakty - MTW Trans.EU s.r.o.","isPartOf":{"@id":"https:\/\/mtwtrans.eu\/#website"},"primaryImageOfPage":{"@id":"https:\/\/mtwtrans.eu\/kontakty\/#primaryimage"},"image":{"@id":"https:\/\/mtwtrans.eu\/kontakty\/#primaryimage"},"thumbnailUrl":"https:\/\/mtwtrans.eu\/wp-content\/uploads\/2022\/07\/header-mtw.jpg","datePublished":"2018-10-22T13:48:22+00:00","dateModified":"2022-08-09T09:24:19+00:00","breadcrumb":{"@id":"https:\/\/mtwtrans.eu\/kontakty\/#breadcrumb"},"inLanguage":"en-GB","potentialAction":[{"@type":"ReadAction","target":["https:\/\/mtwtrans.eu\/kontakty\/"]}]},{"@type":"ImageObject","inLanguage":"en-GB","@id":"https:\/\/mtwtrans.eu\/kontakty\/#primaryimage","url":"https:\/\/mtwtrans.eu\/wp-content\/uploads\/2022\/07\/header-mtw.jpg","contentUrl":"https:\/\/mtwtrans.eu\/wp-content\/uploads\/2022\/07\/header-mtw.jpg","width":1920,"height":500,"caption":"MTW header bg"},{"@type":"BreadcrumbList","@id":"https:\/\/mtwtrans.eu\/kontakty\/#breadcrumb","itemListElement":[{"@type":"ListItem","position":1,"name":"Domovsk\u00e1 str\u00e1nka","item":"https:\/\/mtwtrans.eu\/"},{"@type":"ListItem","position":2,"name":"Kontakty"}]},{"@type":"WebSite","@id":"https:\/\/mtwtrans.eu\/#website","url":"https:\/\/mtwtrans.eu\/","name":"MTW Trans.EU s.r.o.","description":"moving the world","publisher":{"@id":"https:\/\/mtwtrans.eu\/#organization"},"potentialAction":[{"@type":"SearchAction","target":{"@type":"EntryPoint","urlTemplate":"https:\/\/mtwtrans.eu\/?s={search_term_string}"},"query-input":{"@type":"PropertyValueSpecification","valueRequired":true,"valueName":"search_term_string"}}],"inLanguage":"en-GB"},{"@type":"Organization","@id":"https:\/\/mtwtrans.eu\/#organization","name":"MTW Trans.EU s.r.o.","url":"https:\/\/mtwtrans.eu\/","logo":{"@type":"ImageObject","inLanguage":"en-GB","@id":"https:\/\/mtwtrans.eu\/#\/schema\/logo\/image\/","url":"https:\/\/mtwtrans.eu\/wp-content\/uploads\/2022\/07\/mtw-logo.png","contentUrl":"https:\/\/mtwtrans.eu\/wp-content\/uploads\/2022\/07\/mtw-logo.png","width":1181,"height":612,"caption":"MTW Trans.EU s.r.o."},"image":{"@id":"https:\/\/mtwtrans.eu\/#\/schema\/logo\/image\/"},"sameAs":["https:\/\/www.facebook.com\/MTW-TransEU-100416202193498"]}]}},"_links":{"self":[{"href":"https:\/\/mtwtrans.eu\/en\/wp-json\/wp\/v2\/pages\/5750","targetHints":{"allow":["GET"]}}],"collection":[{"href":"https:\/\/mtwtrans.eu\/en\/wp-json\/wp\/v2\/pages"}],"about":[{"href":"https:\/\/mtwtrans.eu\/en\/wp-json\/wp\/v2\/types\/page"}],"author":[{"embeddable":true,"href":"https:\/\/mtwtrans.eu\/en\/wp-json\/wp\/v2\/users\/1"}],"replies":[{"embeddable":true,"href":"https:\/\/mtwtrans.eu\/en\/wp-json\/wp\/v2\/comments?post=5750"}],"version-history":[{"count":1,"href":"https:\/\/mtwtrans.eu\/en\/wp-json\/wp\/v2\/pages\/5750\/revisions"}],"predecessor-version":[{"id":9822,"href":"https:\/\/mtwtrans.eu\/en\/wp-json\/wp\/v2\/pages\/5750\/revisions\/9822"}],"wp:featuredmedia":[{"embeddable":true,"href":"https:\/\/mtwtrans.eu\/en\/wp-json\/wp\/v2\/media\/9603"}],"wp:attachment":[{"href":"https:\/\/mtwtrans.eu\/en\/wp-json\/wp\/v2\/media?parent=5750"}],"curies":[{"name":"wp","href":"https:\/\/api.w.org\/{rel}","templated":true}]}}