{"id":3,"date":"2022-07-26T12:57:27","date_gmt":"2022-07-26T10:57:27","guid":{"rendered":"https:\/\/mtwtrans.eu\/?page_id=3"},"modified":"2022-08-09T11:16:13","modified_gmt":"2022-08-09T09:16:13","slug":"ochrana-sukromia","status":"publish","type":"page","link":"https:\/\/mtwtrans.eu\/en\/ochrana-sukromia\/","title":{"rendered":"Z\u00e1sady ochrany osobn\u00fdch \u00fadajov"},"content":{"rendered":"<p><\/p>\n\n\n\n<h2 class=\"wp-block-heading\">Kto sme<\/h2>\n\n\n\n<p>Adresa na\u0161ej webovej str\u00e1nky je: <a href=\"https:\/\/mtwtrans.eu\/en\/\">https:\/\/mtwtrans.eu\/<\/a><\/p>\n\n\n\n<h2 class=\"wp-block-heading\"><strong>Ak\u00e9 \u00fadaje zbierame a pre\u010do<\/strong><\/h2>\n\n\n\n<h3 class=\"wp-block-heading\"><em>Formul\u00e1re na na\u0161ich str\u00e1nkach<\/em><\/h3>\n\n\n\n<p>Vyplnen\u00edm formul\u00e1rov n\u00e1m poskytujete v\u00e1\u0161 e-mail. \u00dadaj potrebujeme, aby sme v\u00e1s vedeli kontaktova\u0165 a odpoveda\u0165 na v\u0161etky va\u0161e ot\u00e1zky.<\/p>\n\n\n\n<h3 class=\"wp-block-heading\"><em>Newsletter<\/em><\/h3>\n\n\n\n<p>Svoj\u00edm s\u00fahlasom potvrdzujete spracovanie v\u00e1\u0161ho e-mailu, aby sme v\u00e1m mohli v\u017edy posla\u0165 n\u00e1\u0161 nov\u00fd \u010dl\u00e1nok a informova\u0165 v\u00e1s o d\u00f4le\u017eit\u00fdch novink\u00e1ch, ktor\u00e9 m\u00f4\u017eete vyu\u017ei\u0165 aj na va\u0161om webe.<\/p>\n\n\n\n<h3 class=\"wp-block-heading\"><em>Koment\u00e1re<\/em><\/h3>\n\n\n\n<p>Na z\u00e1klade v\u00e1\u0161ho s\u00fahlasu so spracovan\u00edm osobn\u00fdch \u00fadajov zbierame va\u0161e osobn\u00e9 \u00fadaje, ktor\u00fdmi s\u00fa va\u0161e meno, e-mail, webov\u00e1 str\u00e1nka za \u00fa\u010delom, aby v\u00e1m do e-mailovej schr\u00e1nky pri\u0161la notifik\u00e1cia o koment\u00e1roch k dan\u00e9mu \u010dl\u00e1nku.\u00a0Zbierame tie\u017e s\u00fabory cookies, na z\u00e1klade ktor\u00fdch sa v\u00e1m tieto \u00fadaje ulo\u017eia do pam\u00e4te prehliada\u010da pre r\u00fdchlej\u0161ie a jednoduch\u0161ie komentovanie v bud\u00facnosti. Pomocou slu\u017eby Akismet v\u00e1m chr\u00e1nime e-mailov\u00fa schr\u00e1nku pred spamom.<\/p>\n\n\n\n<h2 class=\"wp-block-heading\"><strong>Ako dlho uchov\u00e1vame va\u0161e \u00fadaje<\/strong><\/h2>\n\n\n\n<p>Vyplnen\u00e9 formul\u00e1re \u2013 na nevyhnutn\u00fa dobu.<\/p>\n\n\n\n<p>Koment\u00e1re \u2013 k\u00fdm nepo\u017eiadate o v\u00fdmaz.<\/p>\n\n\n\n<p>E-mail na newslettre \u2013 k\u00fdm nepo\u017eiadate o zru\u0161enie zasielania.<\/p>\n\n\n\n<h2 class=\"wp-block-heading\">\u010co s\u00fa s\u00fabory cookies?<\/h2>\n\n\n\n<p>Cookies s\u00fa mal\u00e9 textov\u00e9 s\u00fabory vytv\u00e1ran\u00e9 webov\u00fdm serverom a ukladan\u00e9 vo Va\u0161om po\u010d\u00edta\u010di alebo mobilnom zariaden\u00ed pri prehliadan\u00ed webu. V\u010faka t\u00fdmto s\u00faborom si webov\u00fd server zapam\u00e4t\u00e1 na ur\u010dit\u00fd \u010das V\u00e1\u0161 pohyb a preferencie na webovej str\u00e1nke (napr. zvolen\u00fd jazyk, ve\u013ekos\u0165 p\u00edsma a pod.) a pri \u010fal\u0161ej n\u00e1v\u0161teve webovej str\u00e1nky ich u\u017e nemus\u00edte znovu zad\u00e1va\u0165. S\u00fabory Cookies vyu\u017e\u00edvaj\u00fa pre svoju \u010dinnos\u0165 v\u00e4\u010d\u0161ina webov\u00fdch str\u00e1nok a e-shopov.<\/p>\n\n\n\n<h2 class=\"wp-block-heading\">Rozdelenie s\u00faborov cookies<\/h2>\n\n\n\n<p>S\u00fabory cookies sa daj\u00fa rozdeli\u0165 pod\u013ea trvanlivosti na:<\/p>\n\n\n\n<ul class=\"wp-block-list\"><li>Kr\u00e1tkodob\u00e9 (session cookie) \u2013 po zavret\u00ed prehliada\u010da sa vyma\u017e\u00fa z V\u00e1\u0161ho po\u010d\u00edta\u010da<\/li><li>Dlhodob\u00e9 (persisten cookie) \u2013 po zavret\u00ed prehliada\u010da zost\u00e1vaj\u00fa ulo\u017een\u00e9 vo Va\u0161om po\u010d\u00edta\u010di a vyma\u017e\u00fa sa po uplynut\u00ed ve\u013emi dlhej doby. (Pod\u013ea nastavenia V\u00e1\u0161ho prehliada\u010da). Zmaza\u0165 ich m\u00f4\u017eete aj ru\u010dne.<\/li><\/ul>\n\n\n\n<p>Pod\u013ea \u00fa\u010delu ich vieme rozdeli\u0165 na:<\/p>\n\n\n\n<ul class=\"wp-block-list\"><li>Technick\u00e9 \u2013 sl\u00fa\u017eia k z\u00e1kladn\u00fdm funkci\u00e1m webu alebo str\u00e1nky (prehr\u00e1vanie videa, zdie\u013eanie obsahu, prihlasovanie)<\/li><li>Analytick\u00e9 \u2013 sl\u00fa\u017eia na zbieranie neanonymn\u00fdch d\u00e1t o Va\u0161om chovan\u00ed. Na ich z\u00e1klade m\u00f4\u017eeme upravova\u0165 web tak, aby bol viac pou\u017e\u00edvate\u013esky pr\u00edjemnej\u0161\u00ed.<\/li><li>Remarketingov\u00e9 \u2013 sl\u00fa\u017eia k cielen\u00e9mu zobrazovaniu rekl\u00e1m na pou\u017e\u00edvate\u013ea<\/li><\/ul>\n\n\n\n<h2 class=\"wp-block-heading\">Ako pou\u017e\u00edvame s\u00fabory cookies ?<\/h2>\n\n\n\n<p>Tieto webov\u00e9 str\u00e1nky pou\u017e\u00edvaj\u00fa s\u00fabory cookies na:<\/p>\n\n\n\n<ul class=\"wp-block-list\"><li>Pre nevyhnutn\u00fa funkcionalitu webu<\/li><li>Zapam\u00e4tanie si pou\u017e\u00edvate\u013esk\u00fdch nastaven\u00ed<\/li><li>Zhroma\u017e\u010fovanie anonymn\u00fdch \u0161tatistick\u00fdch inform\u00e1ci\u00ed o n\u00e1v\u0161tevn\u00edkoch<\/li><li>Pre lep\u0161ie prisp\u00f4sobenie rekl\u00e1m a zdie\u013eanie obsahu na soci\u00e1lnych sie\u0165ach<\/li><\/ul>\n\n\n\n<h2 class=\"wp-block-heading\">Ak\u00e9 s\u00fabory cookies pou\u017e\u00edvame ?<\/h2>\n\n\n\n<h3 class=\"wp-block-heading\"><\/h3>\n\n\n\n<h3 class=\"wp-block-heading\">Google Analytics<\/h3>\n\n\n\n<p>Slu\u017eba Google Analytics je poskytovan\u00e1 spolo\u010dnos\u0165ou Google, Inc. Sl\u00fa\u017ei na z\u00edskavanie a zhroma\u017e\u010fovanie anonymizovan\u00fdch \u0161tatistick\u00fdch \u00fadajov o pou\u017e\u00edvan\u00ed webovej str\u00e1nky pou\u017e\u00edvate\u013emi. Cie\u013eom pou\u017eitia slu\u017eby je bli\u017e\u0161ie pochopenie potrieb na\u0161ich n\u00e1v\u0161tevn\u00edkov a uisti\u0165 sa o ich spokojnosti. Google Analytics uklad\u00e1 inform\u00e1cie o tom ak\u00e9 str\u00e1nky nav\u0161tevujete, ako dlho sa na nich zdr\u017e\u00edte, odkia\u013e ste na str\u00e1nky pri\u0161li a na ak\u00e9 odkazy klik\u00e1te. V\u0161etky inform\u00e1cie spolu so s\u00fabormi cookies s\u00fa spolo\u010dnos\u0165ou Google, Inc. prenesen\u00e9 a ulo\u017een\u00e9 na serveroch v Spojen\u00fdch \u0161t\u00e1toch americk\u00fdch. Tieto d\u00e1ta neobsahuj\u00fa \u017eiadne d\u00f4vern\u00e9 \u00fadaje, na z\u00e1klade ktor\u00fdch, by sme boli schopn\u00ed identifikova\u0165 konkr\u00e9tneho n\u00e1v\u0161tevn\u00edka. D\u013a\u017eka uchov\u00e1vania t\u00fdchto inform\u00e1ci\u00ed je nastaven\u00e1 na neur\u010dito. Spolo\u010dnos\u0165 Google, Inc. m\u00f4\u017ee tieto \u00fadaje poskytn\u00fa\u0165 tret\u00edm stran\u00e1m, pokia\u013e to bude vy\u017eadova\u0165 z\u00e1kon.<\/p>\n\n\n\n<p>Pre viac inform\u00e1ci\u00ed o ochrane s\u00fakromia kliknite sem:&nbsp;<a href=\"https:\/\/support.google.com\/analytics\/topic\/2919631?hl=sk&amp;ref_topic=1008008\">https:\/\/support.google.com\/analytics\/topic\/2919631?hl=sk&amp;ref_topic=1008008<\/a><\/p>\n\n\n\n<p>Pre nain\u0161talovanie softv\u00e9rov\u00e9ho doplnku na odmietnutie s\u00faborov cookies Google Analytics kliknite sem:&nbsp;<a href=\"https:\/\/tools.google.com\/dlpage\/gaoptout\">https:\/\/tools.google.com\/dlpage\/gaoptou<\/a><\/p>\n\n\n\n<h3 class=\"wp-block-heading\">Facebook<\/h3>\n\n\n\n<p>Spolo\u010dnos\u0165 Facebook, Inc. vyu\u017e\u00edva s\u00fabory cookies na obsluhu like a share tla\u010didiel, tak aby mohol n\u00e1v\u0161tevn\u00edk webovej str\u00e1nky r\u00fdchlej\u0161ie a pohodlnej\u0161ie zdie\u013ea\u0165 inform\u00e1cie zobrazen\u00e9 na Va\u0161ej webovej str\u00e1nke. (napr. \u010dl\u00e1nky, produkty, portf\u00f3lio a pod.) Pre viac inform\u00e1ci\u00ed o s\u00faboroch cookies vyu\u017e\u00edvan\u00e9 spolo\u010dnos\u0165ou Facebook, Inc. kliknite sem:\u00a0<a href=\"https:\/\/sk-sk.facebook.com\/policies\/cookies\/\">https:\/\/sk-sk.facebook.com\/policies\/cookies\/<\/a><\/p>\n\n\n\n<h2 class=\"wp-block-heading\">Nastavenie prehliada\u010da<\/h2>\n\n\n\n<p>V\u00e4\u010d\u0161ina webov\u00fdch prehliada\u010dov m\u00f4\u017ee by\u0165 nastaven\u00e1 tak, aby blokovala s\u00fabory cookies. A to aj napriek tomu, \u017ee niektor\u00e9 prvky na webovej str\u00e1nke nemusia pracova\u0165 spr\u00e1vne. Nastavenie s\u00faborov cookies sa obvykle nach\u00e1dza v z\u00e1lo\u017eke \u201eMo\u017enosti\u201c alebo \u201eNastavenia\u201c.<\/p>\n\n\n\n<p>Nastavenia s\u00faborov cookies pre konkr\u00e9tne prehliada\u010de:<\/p>\n\n\n\n<ul class=\"wp-block-list\"><li>Internet Explorer \u2013&nbsp;<a href=\"https:\/\/support.microsoft.com\/sk-sk\/help\/17442\/windows-internet-explorer-delete-manage-cookies\">https:\/\/support.microsoft.com\/sk-sk\/help\/17442\/windows-internet-explorer-delete-manage-cookies<\/a><\/li><li>Mozilla Firefox \u2013&nbsp;<a href=\"https:\/\/support.mozilla.org\/sk\/kb\/Spr%C3%A1va%20cookies\">https:\/\/support.mozilla.org\/sk\/kb\/Spr%C3%A1va%20cookies<\/a><\/li><li>Google Chrome \u2013&nbsp;<a href=\"https:\/\/support.google.com\/chrome\/answer\/95647?hl=sk\">https:\/\/support.google.com\/chrome\/answer\/95647?hl=sk<\/a><\/li><li>Safari \u2013&nbsp;<a href=\"https:\/\/support.apple.com\/kb\/ph21411?locale=sk_SK\">https:\/\/support.apple.com\/kb\/ph21411?locale=sk_SK<\/a><\/li><\/ul>\n\n\n\n<p>Pre \u010fal\u0161ie inform\u00e1cie o s\u00faboroch cookies a ich vyu\u017eit\u00ed n\u00e1jdete na str\u00e1nkach&nbsp;<a href=\"https:\/\/www.aboutcookies.org\/\">https:\/\/aboutcookies.org\/<\/a><\/p>\n\n\n\n<h2 class=\"wp-block-heading\"><strong>Na \u010do m\u00e1te pr\u00e1vo<\/strong><\/h2>\n\n\n\n<ul class=\"wp-block-list\"><li>Zisti\u0165, ak\u00e9 \u00fadaje z\u00edskavame, za ak\u00fdm \u00fa\u010delom, v akom rozsahu, ako dlho a kto k nim m\u00e1 pr\u00edstup.<\/li><li>Po\u017eiada\u0165 o opravu alebo vymazanie va\u0161ich \u00fadajov.<\/li><li>Po\u017eiada\u0165 o ukon\u010denie zasielania e-mailov\u00fdch spr\u00e1v.<\/li><li>Odvola\u0165 s\u00fahlas so spracovan\u00edm osobn\u00fdch \u00fadajov.<\/li><\/ul>\n\n\n\n<h2 class=\"wp-block-heading\"><strong>Na koho sa m\u00f4\u017eete obr\u00e1ti\u0165<\/strong><\/h2>\n\n\n\n<p><a href=\"mailto:mtwtrans.eu@gmail.com\">mtwtrans.eu@gmail.com<\/a><br><a href=\"tel:+421911010232\">+421 911 010 232<\/a><\/p>\n\n\n\n<p><strong>Podmienky ochrany osobn\u00fdch \u00fadajov<\/strong><br><strong>I. Z\u00e1kladn\u00e9 ustanovenia<\/strong><br>Prev\u00e1dzkovate\u013e osobn\u00fdch \u00fadajov pod\u013ea \u010dl. 4 bod 7 nariadenia Eur\u00f3pskeho parlamentu a Rady (EU) 2016\/679 o ochrane fyzick\u00fdch os\u00f4b v s\u00favislosti so spracovan\u00edm osobn\u00fdch \u00fadajov a o vo\u013enom pohybe t\u00fdchto \u00fadajov (\u010falej len: \u201eGDPR\u201d) je MTW Trans.EU s.r.o., I\u010cO: 47405961 so s\u00eddlom: Bernol\u00e1kovo n\u00e1mestie 2, 940 01 Nov\u00e9 Z\u00e1mky (\u010falej len: \u201eprev\u00e1dzkovate\u013e\u201c).<br><strong>Kontaktn\u00e9 \u00fadaje prev\u00e1dzkovate\u013ea s\u00fa:<\/strong><br>Email:\u00a0<a href=\"mailto:mtwtrans.eu@gmail.com\">mtwtrans.eu@gmail.com<\/a><br>Tel:\u00a0<a href=\"tel:+421911010232\">+421 911 010 232<\/a><br>Osobn\u00fdmi \u00fadajmi s\u00fa \u00fadaje t\u00fdkaj\u00face sa identifikovanej fyzickej osoby alebo identifikovate\u013enej fyzickej osoby, ktor\u00fa mo\u017eno identifikova\u0165 priamo alebo nepriamo, najm\u00e4 na z\u00e1klade v\u0161eobecne pou\u017eite\u013en\u00e9ho identifik\u00e1tora, in\u00e9ho identifik\u00e1tora, ako je napr\u00edklad meno, priezvisko, identifika\u010dn\u00e9 \u010d\u00edslo, lokaliza\u010dn\u00e9 \u00fadaje, alebo online identifik\u00e1tor, alebo na z\u00e1klade jednej alebo viacer\u00fdch charakterist\u00edk alebo znakov, ktor\u00e9 tvoria jej fyzick\u00fa identitu, fyziologick\u00fa identitu, genetick\u00fa identitu, psychick\u00fa identitu, ment\u00e1lnu identitu, ekonomick\u00fa identitu, kult\u00farnu identitu alebo soci\u00e1lnu identitu.<br>Prev\u00e1dzkovate\u013e osobn\u00fdch \u00fadajov nemenoval sprostredkovate\u013ea na ochranu osobn\u00fdch \u00fadajov.<br><strong>II. Zdroje a kateg\u00f3rie spracov\u00e1van\u00fdch osobn\u00fdch \u00fadajov<\/strong><br>Prev\u00e1dzkovate\u013e spracov\u00e1va osobn\u00e9 \u00fadaje, ktor\u00e9 ste mu poskytli alebo osobn\u00e9 \u00fadaje, ktor\u00e9 prev\u00e1dzkovate\u013e z\u00edskal na z\u00e1klade plnenia Va\u0161ej objedn\u00e1vky.<br>Prev\u00e1dzkovate\u013e spracov\u00e1va Va\u0161e identifika\u010dn\u00e9 a kontaktn\u00e9 \u00fadaje a \u00fadaje nevyhnutn\u00e9 pre plnenie zmluvy.<br><strong>III. Z\u00e1konn\u00fd d\u00f4vod a \u00fa\u010del spracovania osobn\u00fdch \u00fadajov<\/strong><br>Z\u00e1konn\u00fdm d\u00f4vodom spracovania osobn\u00fdch \u00fadajov je<br>plnenie zmluvy medzi Vami a prev\u00e1dzkovate\u013eom pod\u013ea \u010dl. 6 odst. 1 p\u00edsm. b) GDPR,<br>opr\u00e1vnen\u00fd z\u00e1ujem prev\u00e1dzkovate\u013ea na poskytovanie priameho marketingu (najm\u00e4 na zasielanie obchodn\u00fdch pon\u00fak a newsletterov) pod\u013ea \u010dl. 6 odst. 1 p\u00edsm. f) GDPR,<br>sprac\u00favanie je nevyhnutn\u00e9 na plnenie zmluvy, ktorej zmluvnou stranou je dotknut\u00e1 osoba, alebo aby sa na z\u00e1klade \u017eiadosti dotknutej osoby vykonali opatrenia pred uzatvoren\u00edm zmluvy.<br>\u00da\u010delom spracovania osobn\u00fdch \u00fadajov je<br>vybavenie Va\u0161ej po\u017eiadavky a v\u00fdkon pr\u00e1v a povinnost\u00ed vypl\u00fdvaj\u00facich zo zmluvn\u00e9ho vz\u0165ahu medzi Vami a prev\u00e1dzkovate\u013eom; pri vyp\u013a\u0148an\u00ed kontaktn\u00e9ho formul\u00e1ra s\u00fa vy\u017eadovan\u00e9 osobn\u00e9 \u00fadaje, ktor\u00e9 s\u00fa nutn\u00e9 pre \u00faspe\u0161n\u00e9 vybavenie po\u017eiadavky (meno a adresa, kontakt)<br>zasielanie obchodn\u00fdch pon\u00fak a vykon\u00e1vanie \u010fal\u0161\u00edch marketingov\u00fdch aktiv\u00edt.<br>Zo strany prev\u00e1dzkovate\u013ea neprich\u00e1dza k automatick\u00e9mu individu\u00e1lnemu rozhodovaniu v zmysle \u010dl. 22 GDPR. S tak\u00fdm spracovan\u00edm ste poskytli svoj v\u00fdslovn\u00fd s\u00fahlas.<br><strong>IV. Doba uchov\u00e1vania \u00fadajov<\/strong><br>Prev\u00e1dzkovate\u013e uchov\u00e1va osobn\u00e9 \u00fadaje<br>po dobu nevyhnutn\u00fa k v\u00fdkonu pr\u00e1v a povinnost\u00ed vypl\u00fdvaj\u00facich zo zmluvn\u00e9ho vz\u0165ahu medzi Vami a prev\u00e1dzkovate\u013eom a uplat\u0148ovan\u00ed n\u00e1rokov z t\u00fdchto zmluvn\u00fdch vz\u0165ahov (po dobu 15 rokov od ukon\u010denia zmluvn\u00e9ho vz\u0165ahu).<br>po dobu, k\u00fdm je odvolan\u00fd s\u00fahlas so spracovan\u00edm osobn\u00fdch \u00fadajov pre \u00fa\u010dely marketingu, najdlh\u0161ie 15 rokov, ak s\u00fa osobn\u00e9 \u00fadaje spracov\u00e1van\u00e9 na z\u00e1klade s\u00fahlasu.<br>Po uplynut\u00ed doby uchov\u00e1vania osobn\u00fdch \u00fadajov prev\u00e1dzkovate\u013e osobn\u00e9 \u00fadaje vyma\u017ee.<br><strong>V. Pr\u00edjemcovia osobn\u00fdch \u00fadajov (subdod\u00e1vatelia prev\u00e1dzkovate\u013ea)<\/strong><br>Pr\u00edjemcovia osobn\u00fdch \u00fadajov s\u00fa osoby<br>podie\u013eaj\u00faci sa na prij\u00edman\u00ed spr\u00e1v z kontaktn\u00fdch formul\u00e1rov a rezerv\u00e1ci\u00ed,<br>zabezpe\u010duj\u00facich marketingov\u00e9 slu\u017eby.<br>Prev\u00e1dzkovate\u013e nem\u00e1 v \u00famysle poskytn\u00fa\u0165 osobn\u00e9 \u00fadaje do tretej krajiny (do krajiny mimo EU) alebo medzin\u00e1rodnej organiz\u00e1cii.<br>Vykon\u00e1van\u00e9 slu\u017eby, zabezpe\u010duj\u00face marketingov\u00e9 a podporn\u00e9 slu\u017eby<br>Google Analytics \u2013 zaznamen\u00e1va cookie a pou\u017eitie webu<br>Google Adwords \u2013 zaznamen\u00e1va cookie a pou\u017eitie webu<br><strong>VI. Va\u0161e pr\u00e1va<\/strong><br>Za podmienok stanoven\u00fdch v GDPR m\u00e1te<br>pr\u00e1vo na pr\u00edstup k svojim osobn\u00fdm \u00fadajom pod\u013ea \u010dl. 15 GDPR,<br>pr\u00e1vo opravy osobn\u00fdch \u00fadajov pod\u013ea \u010dl. 16 GDPR, pr\u00edpadne obmedzenie spracovanie pod\u013ea \u010dl. 18 GDPR.<br>pr\u00e1vo na v\u00fdmaz osobn\u00fdch \u00fadajov pod\u013ea \u010dl. 17 GDPR.<br>pr\u00e1vo vznies\u0165 n\u00e1mietku proti spracovaniu pod\u013ea \u010dl. 21 GDPR a<br>pr\u00e1vo na prenosite\u013enos\u0165 \u00fadajov pod\u013ea \u010dl. 20 GDPR.<br>pr\u00e1vo odvola\u0165 s\u00fahlas so spracovan\u00edm p\u00edsomne alebo elektronicky na adresu alebo email prev\u00e1dzkovate\u013ea uveden\u00fd v \u010dl. III t\u00fdchto podmienok. Odvola\u0165 s\u00fahlas m\u00f4\u017eete kedyko\u013evek vo svojom vlastnom \u00fa\u010dte z\u00e1kazn\u00edka.<br>M\u00e1te pr\u00e1vo poda\u0165 s\u0165a\u017enos\u0165 na \u00darad na ochranu osobn\u00fdch \u00fadajov v pr\u00edpade, \u017ee sa domnievate, \u017ee bolo poru\u0161en\u00e9 Va\u0161e pr\u00e1vo na ochranu osobn\u00fdch \u00fadajov.<br><strong>VII. Podmienky zabezpe\u010denia osobn\u00fdch \u00fadajov<\/strong><br>Prev\u00e1dzkovate\u013e vyhlasuje, \u017ee prijal v\u0161etky vhodn\u00e9 technick\u00e9 a organiza\u010dn\u00e9 opatrenia na zabezpe\u010denie osobn\u00fdch \u00fadajov.<br>Prev\u00e1dzkovate\u013e prijal technick\u00e9 opatrenia na zabezpe\u010denie d\u00e1tov\u00fdch \u00falo\u017e\u00edsk a \u00falo\u017e\u00edsk osobn\u00fdch \u00fadajov v listinnej podobe, zabezpe\u010den\u00e9ho \/ \u0161ifrovan\u00e9ho pr\u00edstupu na web, \u0161ifrovanie hesiel z\u00e1kazn\u00edkov v datab\u00e1ze, pravideln\u00fdch aktualiz\u00e1ci\u00ed syst\u00e9mu, pravideln\u00e9 z\u00e1lohy syst\u00e9mu.<br>Prev\u00e1dzkovate\u013e vyhlasuje, \u017ee k osobn\u00fdm \u00fadajom maj\u00fa pr\u00edstup len n\u00edm poveren\u00e9 osoby.<br><strong>VIII. Z\u00e1vere\u010dn\u00e9 ustanovenia<\/strong><br>Odosielan\u00edm spr\u00e1vy prostredn\u00edctvom formul\u00e1ra na str\u00e1nke potvrdzujete, \u017ee ste obozn\u00e1men\u00ed s podmienkami ochrany osobn\u00fdch \u00fadajov a \u017ee ich v celom rozsahu prij\u00edmate.<br>S t\u00fdmito podmienkami s\u00fahlas\u00edte za\u0161krtnut\u00edm s\u00fahlasu prostredn\u00edctvom internetov\u00e9ho formul\u00e1ra. Za\u0161krtnut\u00edm s\u00fahlasu potvrdzujete, \u017ee ste obozn\u00e1men\u00ed s podmienkami ochrany osobn\u00fdch \u00fadajov a \u017ee ich v celom rozsahu prij\u00edmate.<br>Prev\u00e1dzkovate\u013e je opr\u00e1vnen\u00fd tieto podmienky zmeni\u0165. Nov\u00fa verziu podmienok ochrany osobn\u00fdch \u00fadajov zverejn\u00ed na svojich internetov\u00fdch str\u00e1nkach a z\u00e1rove\u0148 V\u00e1m za\u0161le nov\u00fa verziu t\u00fdchto podmienok na Va\u0161u e-mailov\u00fa adresu, ktor\u00fa ste prev\u00e1dzkovate\u013eovi poskytli.<br>Tieto podmienky nadob\u00fadaj\u00fa \u00fa\u010dinnos\u0165 d\u0148om 25.5.2018.<\/p>","protected":false},"excerpt":{"rendered":"<p>Kto sme Adresa na\u0161ej webovej str\u00e1nky je: https:\/\/mtwtrans.eu\/ Ak\u00e9 \u00fadaje zbierame a pre\u010do Formul\u00e1re na na\u0161ich str\u00e1nkach Vyplnen\u00edm formul\u00e1rov n\u00e1m [&hellip;]<\/p>","protected":false},"author":1,"featured_media":0,"parent":0,"menu_order":0,"comment_status":"closed","ping_status":"open","template":"","meta":{"footnotes":""},"class_list":["post-3","page","type-page","status-publish","hentry"],"yoast_head":"<!-- This site is optimized with the Yoast SEO plugin v27.4 - https:\/\/yoast.com\/product\/yoast-seo-wordpress\/ -->\n<title>Z\u00e1sady ochrany osobn\u00fdch \u00fadajov - MTW Trans.EU s.r.o.<\/title>\n<meta name=\"robots\" content=\"index, follow, max-snippet:-1, max-image-preview:large, max-video-preview:-1\" \/>\n<link rel=\"canonical\" href=\"https:\/\/mtwtrans.eu\/en\/ochrana-sukromia\/\" \/>\n<meta property=\"og:locale\" content=\"en_GB\" \/>\n<meta property=\"og:type\" content=\"article\" \/>\n<meta property=\"og:title\" content=\"Z\u00e1sady ochrany osobn\u00fdch \u00fadajov - MTW Trans.EU s.r.o.\" \/>\n<meta property=\"og:description\" content=\"Kto sme Adresa na\u0161ej webovej str\u00e1nky je: https:\/\/mtwtrans.eu\/ Ak\u00e9 \u00fadaje zbierame a pre\u010do Formul\u00e1re na na\u0161ich str\u00e1nkach Vyplnen\u00edm formul\u00e1rov n\u00e1m [&hellip;]\" \/>\n<meta property=\"og:url\" content=\"https:\/\/mtwtrans.eu\/en\/ochrana-sukromia\/\" \/>\n<meta property=\"og:site_name\" content=\"MTW Trans.EU s.r.o.\" \/>\n<meta property=\"article:publisher\" content=\"https:\/\/www.facebook.com\/MTW-TransEU-100416202193498\" \/>\n<meta property=\"article:modified_time\" content=\"2022-08-09T09:16:13+00:00\" \/>\n<meta name=\"twitter:card\" content=\"summary_large_image\" \/>\n<meta name=\"twitter:label1\" content=\"Estimated reading time\" \/>\n\t<meta name=\"twitter:data1\" content=\"8 minutes\" \/>\n<script type=\"application\/ld+json\" class=\"yoast-schema-graph\">{\"@context\":\"https:\\\/\\\/schema.org\",\"@graph\":[{\"@type\":\"WebPage\",\"@id\":\"https:\\\/\\\/mtwtrans.eu\\\/ochrana-sukromia\\\/\",\"url\":\"https:\\\/\\\/mtwtrans.eu\\\/ochrana-sukromia\\\/\",\"name\":\"Z\u00e1sady ochrany osobn\u00fdch \u00fadajov - MTW Trans.EU s.r.o.\",\"isPartOf\":{\"@id\":\"https:\\\/\\\/mtwtrans.eu\\\/#website\"},\"datePublished\":\"2022-07-26T10:57:27+00:00\",\"dateModified\":\"2022-08-09T09:16:13+00:00\",\"breadcrumb\":{\"@id\":\"https:\\\/\\\/mtwtrans.eu\\\/ochrana-sukromia\\\/#breadcrumb\"},\"inLanguage\":\"en-GB\",\"potentialAction\":[{\"@type\":\"ReadAction\",\"target\":[\"https:\\\/\\\/mtwtrans.eu\\\/ochrana-sukromia\\\/\"]}]},{\"@type\":\"BreadcrumbList\",\"@id\":\"https:\\\/\\\/mtwtrans.eu\\\/ochrana-sukromia\\\/#breadcrumb\",\"itemListElement\":[{\"@type\":\"ListItem\",\"position\":1,\"name\":\"Domovsk\u00e1 str\u00e1nka\",\"item\":\"https:\\\/\\\/mtwtrans.eu\\\/\"},{\"@type\":\"ListItem\",\"position\":2,\"name\":\"Z\u00e1sady ochrany osobn\u00fdch \u00fadajov\"}]},{\"@type\":\"WebSite\",\"@id\":\"https:\\\/\\\/mtwtrans.eu\\\/#website\",\"url\":\"https:\\\/\\\/mtwtrans.eu\\\/\",\"name\":\"MTW Trans.EU s.r.o.\",\"description\":\"moving the world\",\"publisher\":{\"@id\":\"https:\\\/\\\/mtwtrans.eu\\\/#organization\"},\"potentialAction\":[{\"@type\":\"SearchAction\",\"target\":{\"@type\":\"EntryPoint\",\"urlTemplate\":\"https:\\\/\\\/mtwtrans.eu\\\/?s={search_term_string}\"},\"query-input\":{\"@type\":\"PropertyValueSpecification\",\"valueRequired\":true,\"valueName\":\"search_term_string\"}}],\"inLanguage\":\"en-GB\"},{\"@type\":\"Organization\",\"@id\":\"https:\\\/\\\/mtwtrans.eu\\\/#organization\",\"name\":\"MTW Trans.EU s.r.o.\",\"url\":\"https:\\\/\\\/mtwtrans.eu\\\/\",\"logo\":{\"@type\":\"ImageObject\",\"inLanguage\":\"en-GB\",\"@id\":\"https:\\\/\\\/mtwtrans.eu\\\/#\\\/schema\\\/logo\\\/image\\\/\",\"url\":\"https:\\\/\\\/mtwtrans.eu\\\/wp-content\\\/uploads\\\/2022\\\/07\\\/mtw-logo.png\",\"contentUrl\":\"https:\\\/\\\/mtwtrans.eu\\\/wp-content\\\/uploads\\\/2022\\\/07\\\/mtw-logo.png\",\"width\":1181,\"height\":612,\"caption\":\"MTW Trans.EU s.r.o.\"},\"image\":{\"@id\":\"https:\\\/\\\/mtwtrans.eu\\\/#\\\/schema\\\/logo\\\/image\\\/\"},\"sameAs\":[\"https:\\\/\\\/www.facebook.com\\\/MTW-TransEU-100416202193498\"]}]}<\/script>\n<!-- \/ Yoast SEO plugin. -->","yoast_head_json":{"title":"Z\u00e1sady ochrany osobn\u00fdch \u00fadajov - MTW Trans.EU s.r.o.","robots":{"index":"index","follow":"follow","max-snippet":"max-snippet:-1","max-image-preview":"max-image-preview:large","max-video-preview":"max-video-preview:-1"},"canonical":"https:\/\/mtwtrans.eu\/en\/ochrana-sukromia\/","og_locale":"en_GB","og_type":"article","og_title":"Z\u00e1sady ochrany osobn\u00fdch \u00fadajov - MTW Trans.EU s.r.o.","og_description":"Kto sme Adresa na\u0161ej webovej str\u00e1nky je: https:\/\/mtwtrans.eu\/ Ak\u00e9 \u00fadaje zbierame a pre\u010do Formul\u00e1re na na\u0161ich str\u00e1nkach Vyplnen\u00edm formul\u00e1rov n\u00e1m [&hellip;]","og_url":"https:\/\/mtwtrans.eu\/en\/ochrana-sukromia\/","og_site_name":"MTW Trans.EU s.r.o.","article_publisher":"https:\/\/www.facebook.com\/MTW-TransEU-100416202193498","article_modified_time":"2022-08-09T09:16:13+00:00","twitter_card":"summary_large_image","twitter_misc":{"Estimated reading time":"8 minutes"},"schema":{"@context":"https:\/\/schema.org","@graph":[{"@type":"WebPage","@id":"https:\/\/mtwtrans.eu\/ochrana-sukromia\/","url":"https:\/\/mtwtrans.eu\/ochrana-sukromia\/","name":"Z\u00e1sady ochrany osobn\u00fdch \u00fadajov - MTW Trans.EU s.r.o.","isPartOf":{"@id":"https:\/\/mtwtrans.eu\/#website"},"datePublished":"2022-07-26T10:57:27+00:00","dateModified":"2022-08-09T09:16:13+00:00","breadcrumb":{"@id":"https:\/\/mtwtrans.eu\/ochrana-sukromia\/#breadcrumb"},"inLanguage":"en-GB","potentialAction":[{"@type":"ReadAction","target":["https:\/\/mtwtrans.eu\/ochrana-sukromia\/"]}]},{"@type":"BreadcrumbList","@id":"https:\/\/mtwtrans.eu\/ochrana-sukromia\/#breadcrumb","itemListElement":[{"@type":"ListItem","position":1,"name":"Domovsk\u00e1 str\u00e1nka","item":"https:\/\/mtwtrans.eu\/"},{"@type":"ListItem","position":2,"name":"Z\u00e1sady ochrany osobn\u00fdch \u00fadajov"}]},{"@type":"WebSite","@id":"https:\/\/mtwtrans.eu\/#website","url":"https:\/\/mtwtrans.eu\/","name":"MTW Trans.EU s.r.o.","description":"moving the world","publisher":{"@id":"https:\/\/mtwtrans.eu\/#organization"},"potentialAction":[{"@type":"SearchAction","target":{"@type":"EntryPoint","urlTemplate":"https:\/\/mtwtrans.eu\/?s={search_term_string}"},"query-input":{"@type":"PropertyValueSpecification","valueRequired":true,"valueName":"search_term_string"}}],"inLanguage":"en-GB"},{"@type":"Organization","@id":"https:\/\/mtwtrans.eu\/#organization","name":"MTW Trans.EU s.r.o.","url":"https:\/\/mtwtrans.eu\/","logo":{"@type":"ImageObject","inLanguage":"en-GB","@id":"https:\/\/mtwtrans.eu\/#\/schema\/logo\/image\/","url":"https:\/\/mtwtrans.eu\/wp-content\/uploads\/2022\/07\/mtw-logo.png","contentUrl":"https:\/\/mtwtrans.eu\/wp-content\/uploads\/2022\/07\/mtw-logo.png","width":1181,"height":612,"caption":"MTW Trans.EU s.r.o."},"image":{"@id":"https:\/\/mtwtrans.eu\/#\/schema\/logo\/image\/"},"sameAs":["https:\/\/www.facebook.com\/MTW-TransEU-100416202193498"]}]}},"_links":{"self":[{"href":"https:\/\/mtwtrans.eu\/en\/wp-json\/wp\/v2\/pages\/3","targetHints":{"allow":["GET"]}}],"collection":[{"href":"https:\/\/mtwtrans.eu\/en\/wp-json\/wp\/v2\/pages"}],"about":[{"href":"https:\/\/mtwtrans.eu\/en\/wp-json\/wp\/v2\/types\/page"}],"author":[{"embeddable":true,"href":"https:\/\/mtwtrans.eu\/en\/wp-json\/wp\/v2\/users\/1"}],"replies":[{"embeddable":true,"href":"https:\/\/mtwtrans.eu\/en\/wp-json\/wp\/v2\/comments?post=3"}],"version-history":[{"count":5,"href":"https:\/\/mtwtrans.eu\/en\/wp-json\/wp\/v2\/pages\/3\/revisions"}],"predecessor-version":[{"id":9818,"href":"https:\/\/mtwtrans.eu\/en\/wp-json\/wp\/v2\/pages\/3\/revisions\/9818"}],"wp:attachment":[{"href":"https:\/\/mtwtrans.eu\/en\/wp-json\/wp\/v2\/media?parent=3"}],"curies":[{"name":"wp","href":"https:\/\/api.w.org\/{rel}","templated":true}]}}